{"id":1915,"date":"2023-12-05T16:16:25","date_gmt":"2023-12-05T21:16:25","guid":{"rendered":"https:\/\/www.sg.uni.edu.pe\/?page_id=1915"},"modified":"2024-02-12T16:46:15","modified_gmt":"2024-02-12T21:46:15","slug":"ugyt-2","status":"publish","type":"page","link":"https:\/\/www.sg.uni.edu.pe\/?page_id=1915","title":{"rendered":"Unidad de Grados y T\u00edtulos"},"content":{"rendered":"\t\t<div data-elementor-type=\"wp-page\" data-elementor-id=\"1915\" class=\"elementor elementor-1915\">\n\t\t\t\t\t\t<section class=\"elementor-section elementor-top-section elementor-element elementor-element-83746e8 elementor-section-height-min-height elementor-section-boxed elementor-section-height-default elementor-section-items-middle\" data-id=\"83746e8\" data-element_type=\"section\" data-e-type=\"section\" data-settings=\"{&quot;background_background&quot;:&quot;classic&quot;}\">\n\t\t\t\t\t\t\t<div class=\"elementor-background-overlay\"><\/div>\n\t\t\t\t\t\t\t<div class=\"elementor-container elementor-column-gap-default\">\n\t\t\t\t\t<div class=\"elementor-column elementor-col-100 elementor-top-column elementor-element elementor-element-09faee3\" data-id=\"09faee3\" data-element_type=\"column\" data-e-type=\"column\">\n\t\t\t<div class=\"elementor-widget-wrap elementor-element-populated\">\n\t\t\t\t\t\t<div class=\"elementor-element elementor-element-c7152a9 elementor-widget elementor-widget-heading\" data-id=\"c7152a9\" data-element_type=\"widget\" data-e-type=\"widget\" data-widget_type=\"heading.default\">\n\t\t\t\t<div class=\"elementor-widget-container\">\n\t\t\t\t\t<h1 class=\"elementor-heading-title elementor-size-default\">Unidad de Grados y T\u00edtulos<\/h1>\t\t\t\t<\/div>\n\t\t\t\t<\/div>\n\t\t\t\t\t<\/div>\n\t\t<\/div>\n\t\t\t\t\t<\/div>\n\t\t<\/section>\n\t\t\t\t<section class=\"elementor-section elementor-top-section elementor-element elementor-element-6f526ab elementor-section-boxed elementor-section-height-default elementor-section-height-default\" data-id=\"6f526ab\" data-element_type=\"section\" data-e-type=\"section\">\n\t\t\t\t\t\t<div class=\"elementor-container elementor-column-gap-default\">\n\t\t\t\t\t<div class=\"elementor-column elementor-col-100 elementor-top-column elementor-element elementor-element-ad2fc49\" data-id=\"ad2fc49\" data-element_type=\"column\" data-e-type=\"column\">\n\t\t\t<div class=\"elementor-widget-wrap elementor-element-populated\">\n\t\t\t\t\t\t<div class=\"elementor-element elementor-element-c27ed00 elementor-widget elementor-widget-heading\" data-id=\"c27ed00\" data-element_type=\"widget\" data-e-type=\"widget\" data-widget_type=\"heading.default\">\n\t\t\t\t<div class=\"elementor-widget-container\">\n\t\t\t\t\t<h4 class=\"elementor-heading-title elementor-size-default\">Funciones<\/h4>\t\t\t\t<\/div>\n\t\t\t\t<\/div>\n\t\t\t\t<div class=\"elementor-element elementor-element-f1462b3 elementor-widget elementor-widget-text-editor\" data-id=\"f1462b3\" data-element_type=\"widget\" data-e-type=\"widget\" data-widget_type=\"text-editor.default\">\n\t\t\t\t<div class=\"elementor-widget-container\">\n\t\t\t\t\t\t\t\t\t<ul>\n<li><li>Gestionar los expedientes de grados y\/o t\u00edtulos profesionales aprobados por los Consejos de Facultad respectivos para la elaboraci\u00f3n de la lista de aprobaci\u00f3n ante la Comisi\u00f3n Acad\u00e9mica.<\/li><li>Elaborar mensualmente el consolidado de los estudiantes que han obtenido su Grado Acad\u00e9mico y T\u00edtulo Profesional por especialidades para uso interno y externo a la unidad.<\/li><li>Registrar los Grados y T\u00edtulos Profesionales emitidos en SUNEDU.<\/li><li>Supervisar, coordinar y controlar el tr\u00e1mite de los expedientes de Grados y T\u00edtulos y del stock de diplomas en blanco.<\/li><li>Tramitar, extender y registrar los grados, t\u00edtulos y certificaciones acad\u00e9micas que otorga la Universidad, extender duplicados de los grados, t\u00edtulos y constancias, de acuerdo con la normativa aplicable.<\/li><li>Mantener la base de datos actualizada y realizar reportes peri\u00f3dicos a la jefatura.<\/li><li>Informar al\/la Secretario\/a General sobre la falsificaci\u00f3n de diplomas de Grados Acad\u00e9micos y T\u00edtulos Profesionales.<\/li><li>Otras funciones designadas por el\/la Secretario\/a General.<\/li><\/li>\n<\/ul>\t\t\t\t\t\t\t\t<\/div>\n\t\t\t\t<\/div>\n\t\t\t\t\t<\/div>\n\t\t<\/div>\n\t\t\t\t\t<\/div>\n\t\t<\/section>\n\t\t\t\t<section class=\"elementor-section elementor-top-section elementor-element elementor-element-77439a8 elementor-section-boxed elementor-section-height-default elementor-section-height-default\" data-id=\"77439a8\" data-element_type=\"section\" data-e-type=\"section\">\n\t\t\t\t\t\t<div class=\"elementor-container elementor-column-gap-default\">\n\t\t\t\t\t<div class=\"elementor-column elementor-col-100 elementor-top-column elementor-element elementor-element-b8304a6\" data-id=\"b8304a6\" data-element_type=\"column\" data-e-type=\"column\">\n\t\t\t<div class=\"elementor-widget-wrap elementor-element-populated\">\n\t\t\t\t\t\t<div class=\"elementor-element elementor-element-b9715ae elementor-widget elementor-widget-heading\" data-id=\"b9715ae\" data-element_type=\"widget\" data-e-type=\"widget\" data-widget_type=\"heading.default\">\n\t\t\t\t<div class=\"elementor-widget-container\">\n\t\t\t\t\t<h4 class=\"elementor-heading-title elementor-size-default\">HORARIO DE ATENCI\u00d3N<\/h4>\t\t\t\t<\/div>\n\t\t\t\t<\/div>\n\t\t\t\t<div class=\"elementor-element elementor-element-634edcc elementor-widget elementor-widget-text-editor\" data-id=\"634edcc\" data-element_type=\"widget\" data-e-type=\"widget\" data-widget_type=\"text-editor.default\">\n\t\t\t\t<div class=\"elementor-widget-container\">\n\t\t\t\t\t\t\t\t\t<p>A\u00a0la Comunidad Universitaria se informa que la\u00a0<span style=\"font-size: inherit;\">entrega de diplomas de grados y t\u00edtulos de la Universidad es:<\/span><\/p><p><span style=\"font-size: inherit;\">D\u00edas: Lunes a Viernes<\/span><\/p><p><span style=\"font-size: inherit;\">Horario: de 8:00 a 16:00 (horario de corrido)<\/span><\/p><p><span style=\"font-size: inherit;\">Lugar: Mesa de Partes de la Secretar\u00eda General<\/span><\/p><p>Tambi\u00e9n puedes realizar consultas al correo\u00a0<a href=\"mailto:gyt_secgeneral@uni.edu.pe\" style=\"background-color: #ffffff; transition-property: all;\"><span style=\"color: #0462c1;\">gyt_secgeneral@uni.edu.pe<\/span><\/a>\u00a0referentes a: estado de tu tramitaci\u00f3n, coordinaci\u00f3n de entrega de diplomas, registro de tu diploma en SUNEDU y de los duplicados de diplomas.<\/p>\t\t\t\t\t\t\t\t<\/div>\n\t\t\t\t<\/div>\n\t\t\t\t\t<\/div>\n\t\t<\/div>\n\t\t\t\t\t<\/div>\n\t\t<\/section>\n\t\t\t\t<section class=\"elementor-section elementor-top-section elementor-element elementor-element-a92bf94 elementor-section-boxed elementor-section-height-default elementor-section-height-default\" data-id=\"a92bf94\" data-element_type=\"section\" data-e-type=\"section\">\n\t\t\t\t\t\t<div class=\"elementor-container elementor-column-gap-default\">\n\t\t\t\t\t<div class=\"elementor-column elementor-col-100 elementor-top-column elementor-element elementor-element-7d00c84\" data-id=\"7d00c84\" data-element_type=\"column\" data-e-type=\"column\">\n\t\t\t<div class=\"elementor-widget-wrap elementor-element-populated\">\n\t\t\t\t\t\t<div class=\"elementor-element elementor-element-8ce1b85 elementor-widget elementor-widget-heading\" data-id=\"8ce1b85\" data-element_type=\"widget\" data-e-type=\"widget\" data-widget_type=\"heading.default\">\n\t\t\t\t<div class=\"elementor-widget-container\">\n\t\t\t\t\t<h4 class=\"elementor-heading-title elementor-size-default\">Enlaces de inter\u00e9s<\/h4>\t\t\t\t<\/div>\n\t\t\t\t<\/div>\n\t\t\t\t<div class=\"elementor-element elementor-element-c31e03f elementor-widget elementor-widget-text-editor\" data-id=\"c31e03f\" data-element_type=\"widget\" data-e-type=\"widget\" data-widget_type=\"text-editor.default\">\n\t\t\t\t<div class=\"elementor-widget-container\">\n\t\t\t\t\t\t\t\t\t<ul><li><a href=\"https:\/\/uniedupe93141-my.sharepoint.com\/personal\/sec_general_uni_edu_pe\/_layouts\/15\/onedrive.aspx?id=%2Fpersonal%2Fsec%5Fgeneral%5Funi%5Fedu%5Fpe%2FDocuments%2FCONTROL%20DE%20DOCUMENTOS%20DE%20S%2EG%2FPUBLICACI%C3%93N%20DE%20DOCUMENTOS%20%2D%20PORTAL%20WEB%20UNI%2FCONSTANCIAS%20%2D%20SECRETAR%C3%8DA%20GENERAL&amp;ga=1\" target=\"_blank\" rel=\"noopener\">Constancias emitidas por Secretar\u00eda General<\/a><\/li><li><a href=\"https:\/\/drive.google.com\/file\/d\/1yi6xgeQtZA7X1IEUxuG7scU-00juntRW\/view\" target=\"_blank\" rel=\"noopener\">Texto \u00danico de Procedimientos Administrativos &#8211; TUPA<\/a><\/li><li><a href=\"https:\/\/portal.uni.edu.pe\/index.php\/accesos\/mesa-de-partes-virtual\" target=\"_blank\" rel=\"noopener\">Sistema de Gesti\u00f3n Documentaria &#8211; SGD<\/a><\/li><\/ul>\t\t\t\t\t\t\t\t<\/div>\n\t\t\t\t<\/div>\n\t\t\t\t\t<\/div>\n\t\t<\/div>\n\t\t\t\t\t<\/div>\n\t\t<\/section>\n\t\t\t\t<\/div>\n\t\t","protected":false},"excerpt":{"rendered":"<p>Unidad de Grados y T\u00edtulos Funciones Gestionar los expedientes de grados y\/o t\u00edtulos profesionales aprobados por los Consejos de Facultad respectivos para la elaboraci\u00f3n de la lista de aprobaci\u00f3n ante la Comisi\u00f3n Acad\u00e9mica. Elaborar mensualmente el consolidado de los estudiantes que han obtenido su Grado Acad\u00e9mico y T\u00edtulo Profesional por [&hellip;]<\/p>\n","protected":false},"author":1,"featured_media":0,"parent":0,"menu_order":0,"comment_status":"open","ping_status":"closed","template":"page-templates\/template-pagebuilder-full-width.php","meta":{"footnotes":""},"class_list":["post-1915","page","type-page","status-publish","hentry"],"_links":{"self":[{"href":"https:\/\/www.sg.uni.edu.pe\/index.php?rest_route=\/wp\/v2\/pages\/1915","targetHints":{"allow":["GET"]}}],"collection":[{"href":"https:\/\/www.sg.uni.edu.pe\/index.php?rest_route=\/wp\/v2\/pages"}],"about":[{"href":"https:\/\/www.sg.uni.edu.pe\/index.php?rest_route=\/wp\/v2\/types\/page"}],"author":[{"embeddable":true,"href":"https:\/\/www.sg.uni.edu.pe\/index.php?rest_route=\/wp\/v2\/users\/1"}],"replies":[{"embeddable":true,"href":"https:\/\/www.sg.uni.edu.pe\/index.php?rest_route=%2Fwp%2Fv2%2Fcomments&post=1915"}],"version-history":[{"count":40,"href":"https:\/\/www.sg.uni.edu.pe\/index.php?rest_route=\/wp\/v2\/pages\/1915\/revisions"}],"predecessor-version":[{"id":2179,"href":"https:\/\/www.sg.uni.edu.pe\/index.php?rest_route=\/wp\/v2\/pages\/1915\/revisions\/2179"}],"wp:attachment":[{"href":"https:\/\/www.sg.uni.edu.pe\/index.php?rest_route=%2Fwp%2Fv2%2Fmedia&parent=1915"}],"curies":[{"name":"wp","href":"https:\/\/api.w.org\/{rel}","templated":true}]}}