{"id":1913,"date":"2023-12-05T16:15:32","date_gmt":"2023-12-05T21:15:32","guid":{"rendered":"https:\/\/www.sg.uni.edu.pe\/?page_id=1913"},"modified":"2024-02-12T16:35:16","modified_gmt":"2024-02-12T21:35:16","slug":"uac","status":"publish","type":"page","link":"https:\/\/www.sg.uni.edu.pe\/?page_id=1913","title":{"rendered":"Unidad de Archivo Central"},"content":{"rendered":"\t\t<div data-elementor-type=\"wp-page\" data-elementor-id=\"1913\" class=\"elementor elementor-1913\">\n\t\t\t\t\t\t<section class=\"elementor-section elementor-top-section elementor-element elementor-element-83746e8 elementor-section-height-min-height elementor-section-boxed elementor-section-height-default elementor-section-items-middle\" data-id=\"83746e8\" data-element_type=\"section\" data-e-type=\"section\" data-settings=\"{&quot;background_background&quot;:&quot;classic&quot;}\">\n\t\t\t\t\t\t\t<div class=\"elementor-background-overlay\"><\/div>\n\t\t\t\t\t\t\t<div class=\"elementor-container elementor-column-gap-default\">\n\t\t\t\t\t<div class=\"elementor-column elementor-col-100 elementor-top-column elementor-element elementor-element-09faee3\" data-id=\"09faee3\" data-element_type=\"column\" data-e-type=\"column\">\n\t\t\t<div class=\"elementor-widget-wrap elementor-element-populated\">\n\t\t\t\t\t\t<div class=\"elementor-element elementor-element-c7152a9 elementor-widget elementor-widget-heading\" data-id=\"c7152a9\" data-element_type=\"widget\" data-e-type=\"widget\" data-widget_type=\"heading.default\">\n\t\t\t\t<div class=\"elementor-widget-container\">\n\t\t\t\t\t<h1 class=\"elementor-heading-title elementor-size-default\">Unidad de Archivo Central<\/h1>\t\t\t\t<\/div>\n\t\t\t\t<\/div>\n\t\t\t\t\t<\/div>\n\t\t<\/div>\n\t\t\t\t\t<\/div>\n\t\t<\/section>\n\t\t\t\t<section class=\"elementor-section elementor-top-section elementor-element elementor-element-6f526ab elementor-section-boxed elementor-section-height-default elementor-section-height-default\" data-id=\"6f526ab\" data-element_type=\"section\" data-e-type=\"section\">\n\t\t\t\t\t\t<div class=\"elementor-container elementor-column-gap-default\">\n\t\t\t\t\t<div class=\"elementor-column elementor-col-100 elementor-top-column elementor-element elementor-element-ad2fc49\" data-id=\"ad2fc49\" data-element_type=\"column\" data-e-type=\"column\">\n\t\t\t<div class=\"elementor-widget-wrap elementor-element-populated\">\n\t\t\t\t\t\t<div class=\"elementor-element elementor-element-c27ed00 elementor-widget elementor-widget-heading\" data-id=\"c27ed00\" data-element_type=\"widget\" data-e-type=\"widget\" data-widget_type=\"heading.default\">\n\t\t\t\t<div class=\"elementor-widget-container\">\n\t\t\t\t\t<h4 class=\"elementor-heading-title elementor-size-default\">Funciones<\/h4>\t\t\t\t<\/div>\n\t\t\t\t<\/div>\n\t\t\t\t<div class=\"elementor-element elementor-element-f1462b3 elementor-widget elementor-widget-text-editor\" data-id=\"f1462b3\" data-element_type=\"widget\" data-e-type=\"widget\" data-widget_type=\"text-editor.default\">\n\t\t\t\t<div class=\"elementor-widget-container\">\n\t\t\t\t\t\t\t\t\t<ul>\n<li><li>Planificar, organizar, dirigir, normar, coordinar, ejecutar y controlar las actividades archiv\u00edsticas en la Universidad.<\/li><li>Custodiar los documentos que han cumplido su vigencia administrativa.<\/li><li>Conducir y elaborar el Plan Anual de Trabajo Archiv\u00edstico para la Universidad, conforme a la normativa vigente.<\/li><li>Brindar el servicio de atenci\u00f3n de solicitudes y consultas de documentos requeridos por las autoridades y dependencias de la Universidad, as\u00ed como por los \u00f3rganos de gobierno y p\u00fablico en general.<\/li><li>Conducir la Transferencia y Eliminaci\u00f3n de documentos en coordinaci\u00f3n con el Archivo General de la Naci\u00f3n.<\/li><li>Coordinar con el Comit\u00e9 Evaluador de Documentos (CED) la aprobaci\u00f3n del Programa de Control de Documentos Archiv\u00edsticos (PCDA), la eliminaci\u00f3n de documentos y la aplicaci\u00f3n de tecnolog\u00edas de la informaci\u00f3n en el \u00e1mbito de su competencia.<\/li><li>Elaborar el Cronograma Anual de Eliminaci\u00f3n de Documentos y el Cronograma Anual de Transferencia en la Universidad, conforme a la normativa vigente.<\/li><li>Supervisar a los archivos de gesti\u00f3n (oficinas) y perif\u00e9ricos (facultades) seg\u00fan sea el caso de la Universidad, as\u00ed como al personal a cargo de ellos para identificar problemas en materia archiv\u00edstica.<\/li><li>Solicitar e implementar medidas de prevenci\u00f3n para la conservaci\u00f3n de los documentos a nivel institucional.<\/li><li>Recepcionar los documentos que ingresan a la Unidad Funcional, sean estos de manera f\u00edsica o virtual (STDUNI, SGDUNI).<\/li><li>Evaluar y supervisar los procesos de digitalizaci\u00f3n de documentos a nivel institucional.<\/li><li>Otras funciones designadas por el\/la Secretario\/a General.<\/li><\/li>\n<\/ul>\t\t\t\t\t\t\t\t<\/div>\n\t\t\t\t<\/div>\n\t\t\t\t\t<\/div>\n\t\t<\/div>\n\t\t\t\t\t<\/div>\n\t\t<\/section>\n\t\t\t\t<section class=\"elementor-section elementor-top-section elementor-element elementor-element-a92bf94 elementor-section-boxed elementor-section-height-default elementor-section-height-default\" data-id=\"a92bf94\" data-element_type=\"section\" data-e-type=\"section\">\n\t\t\t\t\t\t<div class=\"elementor-container elementor-column-gap-default\">\n\t\t\t\t\t<div class=\"elementor-column elementor-col-100 elementor-top-column elementor-element elementor-element-7d00c84\" data-id=\"7d00c84\" data-element_type=\"column\" data-e-type=\"column\">\n\t\t\t<div class=\"elementor-widget-wrap elementor-element-populated\">\n\t\t\t\t\t\t<div class=\"elementor-element elementor-element-8ce1b85 elementor-widget elementor-widget-heading\" data-id=\"8ce1b85\" data-element_type=\"widget\" data-e-type=\"widget\" data-widget_type=\"heading.default\">\n\t\t\t\t<div class=\"elementor-widget-container\">\n\t\t\t\t\t<h4 class=\"elementor-heading-title elementor-size-default\">Enlaces de inter\u00e9s<\/h4>\t\t\t\t<\/div>\n\t\t\t\t<\/div>\n\t\t\t\t<div class=\"elementor-element elementor-element-c31e03f elementor-widget elementor-widget-text-editor\" data-id=\"c31e03f\" data-element_type=\"widget\" data-e-type=\"widget\" data-widget_type=\"text-editor.default\">\n\t\t\t\t<div class=\"elementor-widget-container\">\n\t\t\t\t\t\t\t\t\t<ul><li><a href=\"https:\/\/www.transparencia.gob.pe\/reportes_directos\/pep_transparencia_acceso_informacion.aspx?id_entidad=10048&amp;id_tema=49&amp;cod_rueep=0&amp;ver=\" target=\"_blank\" rel=\"noopener\">Formato de solicitud de acceso a la informaci\u00f3n<\/a><\/li><li><a href=\"https:\/\/portal.uni.edu.pe\/index.php\/accesos\/mesa-de-partes-virtual\" target=\"_blank\" rel=\"noopener\">Sistema de Gesti\u00f3n Documentaria &#8211; SGD<\/a><\/li><\/ul>\t\t\t\t\t\t\t\t<\/div>\n\t\t\t\t<\/div>\n\t\t\t\t\t<\/div>\n\t\t<\/div>\n\t\t\t\t\t<\/div>\n\t\t<\/section>\n\t\t\t\t<\/div>\n\t\t","protected":false},"excerpt":{"rendered":"<p>Unidad de Archivo Central Funciones Planificar, organizar, dirigir, normar, coordinar, ejecutar y controlar las actividades archiv\u00edsticas en la Universidad. Custodiar los documentos que han cumplido su vigencia administrativa. Conducir y elaborar el Plan Anual de Trabajo Archiv\u00edstico para la Universidad, conforme a la normativa vigente. Brindar el servicio de atenci\u00f3n [&hellip;]<\/p>\n","protected":false},"author":1,"featured_media":0,"parent":0,"menu_order":0,"comment_status":"closed","ping_status":"closed","template":"page-templates\/template-pagebuilder-full-width.php","meta":{"footnotes":""},"class_list":["post-1913","page","type-page","status-publish","hentry"],"_links":{"self":[{"href":"https:\/\/www.sg.uni.edu.pe\/index.php?rest_route=\/wp\/v2\/pages\/1913","targetHints":{"allow":["GET"]}}],"collection":[{"href":"https:\/\/www.sg.uni.edu.pe\/index.php?rest_route=\/wp\/v2\/pages"}],"about":[{"href":"https:\/\/www.sg.uni.edu.pe\/index.php?rest_route=\/wp\/v2\/types\/page"}],"author":[{"embeddable":true,"href":"https:\/\/www.sg.uni.edu.pe\/index.php?rest_route=\/wp\/v2\/users\/1"}],"replies":[{"embeddable":true,"href":"https:\/\/www.sg.uni.edu.pe\/index.php?rest_route=%2Fwp%2Fv2%2Fcomments&post=1913"}],"version-history":[{"count":22,"href":"https:\/\/www.sg.uni.edu.pe\/index.php?rest_route=\/wp\/v2\/pages\/1913\/revisions"}],"predecessor-version":[{"id":2170,"href":"https:\/\/www.sg.uni.edu.pe\/index.php?rest_route=\/wp\/v2\/pages\/1913\/revisions\/2170"}],"wp:attachment":[{"href":"https:\/\/www.sg.uni.edu.pe\/index.php?rest_route=%2Fwp%2Fv2%2Fmedia&parent=1913"}],"curies":[{"name":"wp","href":"https:\/\/api.w.org\/{rel}","templated":true}]}}