{"id":1880,"date":"2023-12-04T15:23:00","date_gmt":"2023-12-04T20:23:00","guid":{"rendered":"https:\/\/www.sg.uni.edu.pe\/?page_id=1880"},"modified":"2024-01-18T17:45:04","modified_gmt":"2024-01-18T22:45:04","slug":"ua","status":"publish","type":"page","link":"https:\/\/www.sg.uni.edu.pe\/?page_id=1880","title":{"rendered":"Unidad de Actas"},"content":{"rendered":"\t\t<div data-elementor-type=\"wp-page\" data-elementor-id=\"1880\" class=\"elementor elementor-1880\">\n\t\t\t\t\t\t<section class=\"elementor-section elementor-top-section elementor-element elementor-element-83746e8 elementor-section-height-min-height elementor-section-boxed elementor-section-height-default elementor-section-items-middle\" data-id=\"83746e8\" data-element_type=\"section\" data-e-type=\"section\" data-settings=\"{&quot;background_background&quot;:&quot;classic&quot;}\">\n\t\t\t\t\t\t\t<div class=\"elementor-background-overlay\"><\/div>\n\t\t\t\t\t\t\t<div class=\"elementor-container elementor-column-gap-default\">\n\t\t\t\t\t<div class=\"elementor-column elementor-col-100 elementor-top-column elementor-element elementor-element-09faee3\" data-id=\"09faee3\" data-element_type=\"column\" data-e-type=\"column\">\n\t\t\t<div class=\"elementor-widget-wrap elementor-element-populated\">\n\t\t\t\t\t\t<div class=\"elementor-element elementor-element-c7152a9 elementor-widget elementor-widget-heading\" data-id=\"c7152a9\" data-element_type=\"widget\" data-e-type=\"widget\" data-widget_type=\"heading.default\">\n\t\t\t\t<div class=\"elementor-widget-container\">\n\t\t\t\t\t<h1 class=\"elementor-heading-title elementor-size-default\">Equipo Funcional de Actas<\/h1>\t\t\t\t<\/div>\n\t\t\t\t<\/div>\n\t\t\t\t\t<\/div>\n\t\t<\/div>\n\t\t\t\t\t<\/div>\n\t\t<\/section>\n\t\t\t\t<section class=\"elementor-section elementor-top-section elementor-element elementor-element-6f526ab elementor-section-boxed elementor-section-height-default elementor-section-height-default\" data-id=\"6f526ab\" data-element_type=\"section\" data-e-type=\"section\">\n\t\t\t\t\t\t<div class=\"elementor-container elementor-column-gap-default\">\n\t\t\t\t\t<div class=\"elementor-column elementor-col-100 elementor-top-column elementor-element elementor-element-ad2fc49\" data-id=\"ad2fc49\" data-element_type=\"column\" data-e-type=\"column\">\n\t\t\t<div class=\"elementor-widget-wrap elementor-element-populated\">\n\t\t\t\t\t\t<div class=\"elementor-element elementor-element-c27ed00 elementor-widget elementor-widget-heading\" data-id=\"c27ed00\" data-element_type=\"widget\" data-e-type=\"widget\" data-widget_type=\"heading.default\">\n\t\t\t\t<div class=\"elementor-widget-container\">\n\t\t\t\t\t<h4 class=\"elementor-heading-title elementor-size-default\">Funciones<\/h4>\t\t\t\t<\/div>\n\t\t\t\t<\/div>\n\t\t\t\t<div class=\"elementor-element elementor-element-f1462b3 elementor-widget elementor-widget-text-editor\" data-id=\"f1462b3\" data-element_type=\"widget\" data-e-type=\"widget\" data-widget_type=\"text-editor.default\">\n\t\t\t\t<div class=\"elementor-widget-container\">\n\t\t\t\t\t\t\t\t\t<ul>\n<li><li>Formular la agenda de las sesiones de Asamblea Universitaria y Consejo Universitario seg\u00fan las indicaciones del Rector y Secretario\/a General.<\/li><li>Mantener actualizadas las listas de los miembros de la Asamblea Universitaria, Consejo Universitario y comisiones que sean asignadas a la Secretar\u00eda General.<\/li><li>Registrar intervenciones de los participantes en las sesiones de la Asamblea Universitaria y Consejo Universitario.<\/li><li>Formular las actas y otros documentos referidos a los acuerdos y disposiciones, de la Asamblea Universitaria, Consejo Universitario y Rectorado.<\/li><li>Remitir a la Unidad de Administraci\u00f3n Documentaria, los acuerdos del Consejo Universitario y Asamblea Universitaria, visados por el Rector y el\/la Secretario\/a General para la elaboraci\u00f3n de la Resoluci\u00f3n Rectoral correspondiente.<\/li><li>Hacer seguimiento y velar por el cumplimiento de los acuerdos de la Asamblea Universitaria, Consejo Universitario, Comisiones y otros.<\/li><li>Proponer e implementar mejoras en el registro de las sesiones de los \u00f3rganos de gobierno de la Universidad; as\u00ed como de los sistemas que permitan el adecuado acceso a la informaci\u00f3n y documentaci\u00f3n.<\/li><li>Dar curso a las actas de Asamblea y Consejo Universitario para su publicaci\u00f3n en el Portal de Transparencia est\u00e1ndar de la universidad para el conocimiento de la comunidad universitaria y del exterior.<\/li><li>Otras funciones designadas por el\/la Secretario\/a General.<\/li><\/li>\n<\/ul>\t\t\t\t\t\t\t\t<\/div>\n\t\t\t\t<\/div>\n\t\t\t\t\t<\/div>\n\t\t<\/div>\n\t\t\t\t\t<\/div>\n\t\t<\/section>\n\t\t\t\t<section class=\"elementor-section elementor-top-section elementor-element elementor-element-a92bf94 elementor-section-boxed elementor-section-height-default elementor-section-height-default\" data-id=\"a92bf94\" data-element_type=\"section\" data-e-type=\"section\">\n\t\t\t\t\t\t<div class=\"elementor-container elementor-column-gap-default\">\n\t\t\t\t\t<div class=\"elementor-column elementor-col-100 elementor-top-column elementor-element elementor-element-7d00c84\" data-id=\"7d00c84\" data-element_type=\"column\" data-e-type=\"column\">\n\t\t\t<div class=\"elementor-widget-wrap elementor-element-populated\">\n\t\t\t\t\t\t<div class=\"elementor-element elementor-element-8ce1b85 elementor-widget elementor-widget-heading\" data-id=\"8ce1b85\" data-element_type=\"widget\" data-e-type=\"widget\" data-widget_type=\"heading.default\">\n\t\t\t\t<div class=\"elementor-widget-container\">\n\t\t\t\t\t<h4 class=\"elementor-heading-title elementor-size-default\">Enlaces de inter\u00e9s<\/h4>\t\t\t\t<\/div>\n\t\t\t\t<\/div>\n\t\t\t\t<div class=\"elementor-element elementor-element-c31e03f elementor-widget elementor-widget-text-editor\" data-id=\"c31e03f\" data-element_type=\"widget\" data-e-type=\"widget\" data-widget_type=\"text-editor.default\">\n\t\t\t\t<div class=\"elementor-widget-container\">\n\t\t\t\t\t\t\t\t\t<ul><li><a href=\"https:\/\/portal.uni.edu.pe\/index.php\/accesos\/actas\" target=\"_blank\" rel=\"noopener\">Repositorio de Actas y Grabaciones de Consejo y Asamblea Universitaria<\/a><\/li><\/ul>\t\t\t\t\t\t\t\t<\/div>\n\t\t\t\t<\/div>\n\t\t\t\t\t<\/div>\n\t\t<\/div>\n\t\t\t\t\t<\/div>\n\t\t<\/section>\n\t\t\t\t<\/div>\n\t\t","protected":false},"excerpt":{"rendered":"<p>Equipo Funcional de Actas Funciones Formular la agenda de las sesiones de Asamblea Universitaria y Consejo Universitario seg\u00fan las indicaciones del Rector y Secretario\/a General. Mantener actualizadas las listas de los miembros de la Asamblea Universitaria, Consejo Universitario y comisiones que sean asignadas a la Secretar\u00eda General. Registrar intervenciones de [&hellip;]<\/p>\n","protected":false},"author":1,"featured_media":0,"parent":0,"menu_order":0,"comment_status":"closed","ping_status":"closed","template":"page-templates\/template-pagebuilder-full-width.php","meta":{"footnotes":""},"class_list":["post-1880","page","type-page","status-publish","hentry"],"_links":{"self":[{"href":"https:\/\/www.sg.uni.edu.pe\/index.php?rest_route=\/wp\/v2\/pages\/1880","targetHints":{"allow":["GET"]}}],"collection":[{"href":"https:\/\/www.sg.uni.edu.pe\/index.php?rest_route=\/wp\/v2\/pages"}],"about":[{"href":"https:\/\/www.sg.uni.edu.pe\/index.php?rest_route=\/wp\/v2\/types\/page"}],"author":[{"embeddable":true,"href":"https:\/\/www.sg.uni.edu.pe\/index.php?rest_route=\/wp\/v2\/users\/1"}],"replies":[{"embeddable":true,"href":"https:\/\/www.sg.uni.edu.pe\/index.php?rest_route=%2Fwp%2Fv2%2Fcomments&post=1880"}],"version-history":[{"count":25,"href":"https:\/\/www.sg.uni.edu.pe\/index.php?rest_route=\/wp\/v2\/pages\/1880\/revisions"}],"predecessor-version":[{"id":2102,"href":"https:\/\/www.sg.uni.edu.pe\/index.php?rest_route=\/wp\/v2\/pages\/1880\/revisions\/2102"}],"wp:attachment":[{"href":"https:\/\/www.sg.uni.edu.pe\/index.php?rest_route=%2Fwp%2Fv2%2Fmedia&parent=1880"}],"curies":[{"name":"wp","href":"https:\/\/api.w.org\/{rel}","templated":true}]}}