{"id":1608,"date":"2023-11-21T12:19:59","date_gmt":"2023-11-21T17:19:59","guid":{"rendered":"http:\/\/181.176.48.220\/dirwpsg\/?page_id=1608"},"modified":"2024-01-18T16:46:24","modified_gmt":"2024-01-18T21:46:24","slug":"mejora-cont","status":"publish","type":"page","link":"https:\/\/www.sg.uni.edu.pe\/?page_id=1608","title":{"rendered":"Mejora Continua"},"content":{"rendered":"\t\t<div data-elementor-type=\"wp-page\" data-elementor-id=\"1608\" class=\"elementor elementor-1608\">\n\t\t\t\t\t\t<section class=\"elementor-section elementor-top-section elementor-element elementor-element-83746e8 elementor-section-height-min-height elementor-section-boxed elementor-section-height-default elementor-section-items-middle\" data-id=\"83746e8\" data-element_type=\"section\" data-e-type=\"section\" data-settings=\"{&quot;background_background&quot;:&quot;classic&quot;}\">\n\t\t\t\t\t\t\t<div class=\"elementor-background-overlay\"><\/div>\n\t\t\t\t\t\t\t<div class=\"elementor-container elementor-column-gap-default\">\n\t\t\t\t\t<div class=\"elementor-column elementor-col-100 elementor-top-column elementor-element elementor-element-09faee3\" data-id=\"09faee3\" data-element_type=\"column\" data-e-type=\"column\">\n\t\t\t<div class=\"elementor-widget-wrap elementor-element-populated\">\n\t\t\t\t\t\t<div class=\"elementor-element elementor-element-c7152a9 elementor-widget elementor-widget-heading\" data-id=\"c7152a9\" data-element_type=\"widget\" data-e-type=\"widget\" data-widget_type=\"heading.default\">\n\t\t\t\t<div class=\"elementor-widget-container\">\n\t\t\t\t\t<h1 class=\"elementor-heading-title elementor-size-default\">Mejora continua<\/h1>\t\t\t\t<\/div>\n\t\t\t\t<\/div>\n\t\t\t\t\t<\/div>\n\t\t<\/div>\n\t\t\t\t\t<\/div>\n\t\t<\/section>\n\t\t\t\t<section class=\"elementor-section elementor-top-section elementor-element elementor-element-81b0575 elementor-section-boxed elementor-section-height-default elementor-section-height-default\" data-id=\"81b0575\" data-element_type=\"section\" data-e-type=\"section\">\n\t\t\t\t\t\t<div class=\"elementor-container elementor-column-gap-default\">\n\t\t\t\t\t<div class=\"elementor-column elementor-col-100 elementor-top-column elementor-element elementor-element-97c09ce\" data-id=\"97c09ce\" data-element_type=\"column\" data-e-type=\"column\">\n\t\t\t<div class=\"elementor-widget-wrap elementor-element-populated\">\n\t\t\t\t\t\t<div class=\"elementor-element elementor-element-f06fcd5 elementor-widget elementor-widget-text-editor\" data-id=\"f06fcd5\" data-element_type=\"widget\" data-e-type=\"widget\" data-widget_type=\"text-editor.default\">\n\t\t\t\t<div class=\"elementor-widget-container\">\n\t\t\t\t\t\t\t\t\t<p>La Secretar\u00eda General de la Universidad Nacional de Ingenier\u00eda es una unidad administrativa que tiene como misi\u00f3n brindar servicios de calidad a la comunidad universitaria y a la sociedad en general, en los \u00e1mbitos de gesti\u00f3n acad\u00e9mica, documentaria, legal y de comunicaci\u00f3n institucional. Para ello, la Secretar\u00eda General se encuentra en el camino para la acreditaci\u00f3n de los est\u00e1ndares internacionales ISO 9001:2015 e ISO 45001:2018, que garantizan la mejora continua de sus procesos y la prevenci\u00f3n de riesgos laborales.<\/p>\n<p>La mejora continua es una filosof\u00eda de gesti\u00f3n que busca optimizar el desempe\u00f1o de la organizaci\u00f3n mediante la identificaci\u00f3n y soluci\u00f3n de problemas, el aprovechamiento de oportunidades, la innovaci\u00f3n y el aprendizaje. La mejora continua implica el compromiso de todos los miembros de la organizaci\u00f3n, desde el personal operativo hasta la alta direcci\u00f3n.<\/p>\n<p>Nos encontramos en proceso de implementaci\u00f3n del Sistema de Gesti\u00f3n de la Calidad y el Sistema de Gesti\u00f3n de la Seguridad y Salud en el Trabajo, basados en las normas ISO 9001:2015 e ISO 45001:2018, respectivamente. Estos sistemas permiten establecer objetivos, pol\u00edticas, procedimientos, indicadores y planes de acci\u00f3n para asegurar la satisfacci\u00f3n de los usuarios, el cumplimiento de los requisitos legales y reglamentarios, la prevenci\u00f3n de incidentes y enfermedades ocupacionales, y la mejora continua de la eficacia y eficiencia de la Secretar\u00eda General.<\/p>\t\t\t\t\t\t\t\t<\/div>\n\t\t\t\t<\/div>\n\t\t\t\t\t<\/div>\n\t\t<\/div>\n\t\t\t\t\t<\/div>\n\t\t<\/section>\n\t\t\t\t<\/div>\n\t\t","protected":false},"excerpt":{"rendered":"<p>Mejora continua La Secretar\u00eda General de la Universidad Nacional de Ingenier\u00eda es una unidad administrativa que tiene como misi\u00f3n brindar servicios de calidad a la comunidad universitaria y a la sociedad en general, en los \u00e1mbitos de gesti\u00f3n acad\u00e9mica, documentaria, legal y de comunicaci\u00f3n institucional. Para ello, la Secretar\u00eda General [&hellip;]<\/p>\n","protected":false},"author":1,"featured_media":0,"parent":0,"menu_order":0,"comment_status":"closed","ping_status":"closed","template":"page-templates\/template-pagebuilder-full-width.php","meta":{"footnotes":""},"class_list":["post-1608","page","type-page","status-publish","hentry"],"_links":{"self":[{"href":"https:\/\/www.sg.uni.edu.pe\/index.php?rest_route=\/wp\/v2\/pages\/1608","targetHints":{"allow":["GET"]}}],"collection":[{"href":"https:\/\/www.sg.uni.edu.pe\/index.php?rest_route=\/wp\/v2\/pages"}],"about":[{"href":"https:\/\/www.sg.uni.edu.pe\/index.php?rest_route=\/wp\/v2\/types\/page"}],"author":[{"embeddable":true,"href":"https:\/\/www.sg.uni.edu.pe\/index.php?rest_route=\/wp\/v2\/users\/1"}],"replies":[{"embeddable":true,"href":"https:\/\/www.sg.uni.edu.pe\/index.php?rest_route=%2Fwp%2Fv2%2Fcomments&post=1608"}],"version-history":[{"count":8,"href":"https:\/\/www.sg.uni.edu.pe\/index.php?rest_route=\/wp\/v2\/pages\/1608\/revisions"}],"predecessor-version":[{"id":2088,"href":"https:\/\/www.sg.uni.edu.pe\/index.php?rest_route=\/wp\/v2\/pages\/1608\/revisions\/2088"}],"wp:attachment":[{"href":"https:\/\/www.sg.uni.edu.pe\/index.php?rest_route=%2Fwp%2Fv2%2Fmedia&parent=1608"}],"curies":[{"name":"wp","href":"https:\/\/api.w.org\/{rel}","templated":true}]}}