{"id":1604,"date":"2023-11-21T12:19:29","date_gmt":"2023-11-21T17:19:29","guid":{"rendered":"http:\/\/181.176.48.220\/dirwpsg\/?page_id=1604"},"modified":"2024-02-12T16:07:23","modified_gmt":"2024-02-12T21:07:23","slug":"servicios-tramites","status":"publish","type":"page","link":"https:\/\/www.sg.uni.edu.pe\/?page_id=1604","title":{"rendered":"Servicios\/Tramites"},"content":{"rendered":"\t\t<div data-elementor-type=\"wp-page\" data-elementor-id=\"1604\" class=\"elementor elementor-1604\">\n\t\t\t\t\t\t<section class=\"elementor-section elementor-top-section elementor-element elementor-element-83746e8 elementor-section-height-min-height elementor-section-boxed elementor-section-height-default elementor-section-items-middle\" data-id=\"83746e8\" data-element_type=\"section\" data-e-type=\"section\" data-settings=\"{&quot;background_background&quot;:&quot;classic&quot;}\">\n\t\t\t\t\t\t\t<div class=\"elementor-background-overlay\"><\/div>\n\t\t\t\t\t\t\t<div class=\"elementor-container elementor-column-gap-default\">\n\t\t\t\t\t<div class=\"elementor-column elementor-col-100 elementor-top-column elementor-element elementor-element-09faee3\" data-id=\"09faee3\" data-element_type=\"column\" data-e-type=\"column\">\n\t\t\t<div class=\"elementor-widget-wrap elementor-element-populated\">\n\t\t\t\t\t\t<div class=\"elementor-element elementor-element-c7152a9 elementor-widget elementor-widget-heading\" data-id=\"c7152a9\" data-element_type=\"widget\" data-e-type=\"widget\" data-widget_type=\"heading.default\">\n\t\t\t\t<div class=\"elementor-widget-container\">\n\t\t\t\t\t<h1 class=\"elementor-heading-title elementor-size-default\">Servicios y Tramites<\/h1>\t\t\t\t<\/div>\n\t\t\t\t<\/div>\n\t\t\t\t\t<\/div>\n\t\t<\/div>\n\t\t\t\t\t<\/div>\n\t\t<\/section>\n\t\t\t\t<section class=\"elementor-section elementor-top-section elementor-element elementor-element-6f526ab elementor-section-boxed elementor-section-height-default elementor-section-height-default\" data-id=\"6f526ab\" data-element_type=\"section\" data-e-type=\"section\">\n\t\t\t\t\t\t<div class=\"elementor-container elementor-column-gap-default\">\n\t\t\t\t\t<div class=\"elementor-column elementor-col-100 elementor-top-column elementor-element elementor-element-ad2fc49\" data-id=\"ad2fc49\" data-element_type=\"column\" data-e-type=\"column\">\n\t\t\t<div class=\"elementor-widget-wrap elementor-element-populated\">\n\t\t\t\t\t\t<div class=\"elementor-element elementor-element-c27ed00 elementor-widget elementor-widget-heading\" data-id=\"c27ed00\" data-element_type=\"widget\" data-e-type=\"widget\" data-widget_type=\"heading.default\">\n\t\t\t\t<div class=\"elementor-widget-container\">\n\t\t\t\t\t<h4 class=\"elementor-heading-title elementor-size-default\">Sistema de Gesti\u00f3n Documentaria - SGD<\/h4>\t\t\t\t<\/div>\n\t\t\t\t<\/div>\n\t\t\t\t<div class=\"elementor-element elementor-element-f1462b3 elementor-widget elementor-widget-text-editor\" data-id=\"f1462b3\" data-element_type=\"widget\" data-e-type=\"widget\" data-widget_type=\"text-editor.default\">\n\t\t\t\t<div class=\"elementor-widget-container\">\n\t\t\t\t\t\t\t\t\t<p>El Sistema de Gesti\u00f3n Documentaria (SGD) de la Universidad Nacional de Ingenier\u00eda del Per\u00fa es una plataforma que permite el registro y seguimiento de documentos. Este sistema fue desarrollado por la Oficina de Tecnolog\u00edas de Informaci\u00f3n. El SGD est\u00e1 dise\u00f1ado para mejorar la eficiencia y eficacia de los procesos administrativos al permitir una gesti\u00f3n documental m\u00e1s organizada y accesible.<\/p><p>Si desea iniciar tramites o realizar seguimiento documentario puede acceder al SGD en el siguiente enlace:<\/p><p><strong><a href=\"https:\/\/portal.uni.edu.pe\/index.php\/accesos\/mesa-de-partes-virtual\" target=\"_blank\" rel=\"noopener\">Enlace &#8211; SGD<\/a><\/strong><\/p>\t\t\t\t\t\t\t\t<\/div>\n\t\t\t\t<\/div>\n\t\t\t\t\t<\/div>\n\t\t<\/div>\n\t\t\t\t\t<\/div>\n\t\t<\/section>\n\t\t\t\t<section class=\"elementor-section elementor-top-section elementor-element elementor-element-a92bf94 elementor-section-boxed elementor-section-height-default elementor-section-height-default\" data-id=\"a92bf94\" data-element_type=\"section\" data-e-type=\"section\">\n\t\t\t\t\t\t<div class=\"elementor-container elementor-column-gap-default\">\n\t\t\t\t\t<div class=\"elementor-column elementor-col-100 elementor-top-column elementor-element elementor-element-7d00c84\" data-id=\"7d00c84\" data-element_type=\"column\" data-e-type=\"column\">\n\t\t\t<div class=\"elementor-widget-wrap elementor-element-populated\">\n\t\t\t\t\t\t<div class=\"elementor-element elementor-element-8ce1b85 elementor-widget elementor-widget-heading\" data-id=\"8ce1b85\" data-element_type=\"widget\" data-e-type=\"widget\" data-widget_type=\"heading.default\">\n\t\t\t\t<div class=\"elementor-widget-container\">\n\t\t\t\t\t<h4 class=\"elementor-heading-title elementor-size-default\">Texto \u00danico de Procedimientos Administrativos - TUPA<\/h4>\t\t\t\t<\/div>\n\t\t\t\t<\/div>\n\t\t\t\t<div class=\"elementor-element elementor-element-c31e03f elementor-widget elementor-widget-text-editor\" data-id=\"c31e03f\" data-element_type=\"widget\" data-e-type=\"widget\" data-widget_type=\"text-editor.default\">\n\t\t\t\t<div class=\"elementor-widget-container\">\n\t\t\t\t\t\t\t\t\t<p>El Texto \u00danico de Procedimientos Administrativos (TUPA) de la Universidad Nacional de Ingenier\u00eda del Per\u00fa es un documento de gesti\u00f3n que contiene toda la informaci\u00f3n relacionada a la tramitaci\u00f3n de procedimientos que los administrados realizan ante sus distintas dependencias y facultades.<\/p><p>Este documento es crucial para la administraci\u00f3n p\u00fablica ya que establece los principios que sustentan el procedimiento administrativo, como el debido procedimiento, razonabilidad, celeridad, eficacia y simplicidad, los cuales deben aplicarse dentro de la actuaci\u00f3n de toda entidad de la Administraci\u00f3n P\u00fablica.<\/p><p>El objetivo del TUPA es contar con un instrumento que permita unificar, reducir y simplificar todos los tr\u00e1mites que permita proporcionar \u00f3ptimos servicios al interesado.<\/p><p><strong><a href=\"https:\/\/drive.google.com\/file\/d\/1yi6xgeQtZA7X1IEUxuG7scU-00juntRW\/view\" target=\"_blank\" rel=\"noopener\">Enlace &#8211; TUPA Vigente<\/a><\/strong><\/p>\t\t\t\t\t\t\t\t<\/div>\n\t\t\t\t<\/div>\n\t\t\t\t\t<\/div>\n\t\t<\/div>\n\t\t\t\t\t<\/div>\n\t\t<\/section>\n\t\t\t\t<\/div>\n\t\t","protected":false},"excerpt":{"rendered":"<p>Servicios y Tramites Sistema de Gesti\u00f3n Documentaria &#8211; SGD El Sistema de Gesti\u00f3n Documentaria (SGD) de la Universidad Nacional de Ingenier\u00eda del Per\u00fa es una plataforma que permite el registro y seguimiento de documentos. Este sistema fue desarrollado por la Oficina de Tecnolog\u00edas de Informaci\u00f3n. El SGD est\u00e1 dise\u00f1ado para [&hellip;]<\/p>\n","protected":false},"author":1,"featured_media":0,"parent":0,"menu_order":0,"comment_status":"closed","ping_status":"closed","template":"page-templates\/template-pagebuilder-full-width.php","meta":{"footnotes":""},"class_list":["post-1604","page","type-page","status-publish","hentry"],"_links":{"self":[{"href":"https:\/\/www.sg.uni.edu.pe\/index.php?rest_route=\/wp\/v2\/pages\/1604","targetHints":{"allow":["GET"]}}],"collection":[{"href":"https:\/\/www.sg.uni.edu.pe\/index.php?rest_route=\/wp\/v2\/pages"}],"about":[{"href":"https:\/\/www.sg.uni.edu.pe\/index.php?rest_route=\/wp\/v2\/types\/page"}],"author":[{"embeddable":true,"href":"https:\/\/www.sg.uni.edu.pe\/index.php?rest_route=\/wp\/v2\/users\/1"}],"replies":[{"embeddable":true,"href":"https:\/\/www.sg.uni.edu.pe\/index.php?rest_route=%2Fwp%2Fv2%2Fcomments&post=1604"}],"version-history":[{"count":23,"href":"https:\/\/www.sg.uni.edu.pe\/index.php?rest_route=\/wp\/v2\/pages\/1604\/revisions"}],"predecessor-version":[{"id":2157,"href":"https:\/\/www.sg.uni.edu.pe\/index.php?rest_route=\/wp\/v2\/pages\/1604\/revisions\/2157"}],"wp:attachment":[{"href":"https:\/\/www.sg.uni.edu.pe\/index.php?rest_route=%2Fwp%2Fv2%2Fmedia&parent=1604"}],"curies":[{"name":"wp","href":"https:\/\/api.w.org\/{rel}","templated":true}]}}