{"id":1592,"date":"2023-11-21T12:18:10","date_gmt":"2023-11-21T17:18:10","guid":{"rendered":"http:\/\/181.176.48.220\/dirwpsg\/?page_id=1592"},"modified":"2024-04-01T12:35:10","modified_gmt":"2024-04-01T17:35:10","slug":"tra","status":"publish","type":"page","link":"https:\/\/www.sg.uni.edu.pe\/?page_id=1592","title":{"rendered":"Transparencia"},"content":{"rendered":"\t\t<div data-elementor-type=\"wp-page\" data-elementor-id=\"1592\" class=\"elementor elementor-1592\">\n\t\t\t\t\t\t<section class=\"elementor-section elementor-top-section elementor-element elementor-element-83746e8 elementor-section-height-min-height elementor-section-boxed elementor-section-height-default elementor-section-items-middle\" data-id=\"83746e8\" data-element_type=\"section\" data-e-type=\"section\" data-settings=\"{&quot;background_background&quot;:&quot;classic&quot;}\">\n\t\t\t\t\t\t\t<div class=\"elementor-background-overlay\"><\/div>\n\t\t\t\t\t\t\t<div class=\"elementor-container elementor-column-gap-default\">\n\t\t\t\t\t<div class=\"elementor-column elementor-col-100 elementor-top-column elementor-element elementor-element-09faee3\" data-id=\"09faee3\" data-element_type=\"column\" data-e-type=\"column\">\n\t\t\t<div class=\"elementor-widget-wrap elementor-element-populated\">\n\t\t\t\t\t\t<div class=\"elementor-element elementor-element-c7152a9 elementor-widget elementor-widget-heading\" data-id=\"c7152a9\" data-element_type=\"widget\" data-e-type=\"widget\" data-widget_type=\"heading.default\">\n\t\t\t\t<div class=\"elementor-widget-container\">\n\t\t\t\t\t<h1 class=\"elementor-heading-title elementor-size-default\">Transparencia<\/h1>\t\t\t\t<\/div>\n\t\t\t\t<\/div>\n\t\t\t\t\t<\/div>\n\t\t<\/div>\n\t\t\t\t\t<\/div>\n\t\t<\/section>\n\t\t\t\t<section class=\"elementor-section elementor-top-section elementor-element elementor-element-391518c elementor-section-boxed elementor-section-height-default elementor-section-height-default\" data-id=\"391518c\" data-element_type=\"section\" data-e-type=\"section\">\n\t\t\t\t\t\t<div class=\"elementor-container elementor-column-gap-default\">\n\t\t\t\t\t<div class=\"elementor-column elementor-col-100 elementor-top-column elementor-element elementor-element-ccc7e05\" data-id=\"ccc7e05\" data-element_type=\"column\" data-e-type=\"column\">\n\t\t\t<div class=\"elementor-widget-wrap elementor-element-populated\">\n\t\t\t\t\t\t<div class=\"elementor-element elementor-element-e67a222 elementor-invisible elementor-widget elementor-widget-heading\" data-id=\"e67a222\" data-element_type=\"widget\" data-e-type=\"widget\" data-settings=\"{&quot;_animation&quot;:&quot;fadeInRight&quot;}\" data-widget_type=\"heading.default\">\n\t\t\t\t<div class=\"elementor-widget-container\">\n\t\t\t\t\t<h4 class=\"elementor-heading-title elementor-size-default\">Portal de Transparencia Est\u00e1ndar - PTE<\/h4>\t\t\t\t<\/div>\n\t\t\t\t<\/div>\n\t\t\t\t<div class=\"elementor-element elementor-element-8ef0194 elementor-invisible elementor-widget elementor-widget-text-editor\" data-id=\"8ef0194\" data-element_type=\"widget\" data-e-type=\"widget\" data-settings=\"{&quot;_animation&quot;:&quot;fadeInRight&quot;}\" data-widget_type=\"text-editor.default\">\n\t\t\t\t<div class=\"elementor-widget-container\">\n\t\t\t\t\t\t\t\t\t<p>La Secretar\u00eda General es responsable del Portal de Transparencia Est\u00e1ndar de la universidad, mantiene actualizado su contenido en coordinaci\u00f3n con las dependencias correspondientes, as\u00ed como, recabar la informaci\u00f3n a ser difundida en el Portal de acuerdo con lo establecido en los art\u00edculos 5 y 25 de la Ley TUO.<\/p>\n<p>Que todos los funcionarios de las unidades org\u00e1nicas u \u00f3rganos de la Entidad atiendan de manera oportuna los requerimientos de informaci\u00f3n formulados por el responsable de entregar la informaci\u00f3n de acceso p\u00fablico como por el funcionario responsable del Portal de Transparencia.<\/p>\n<p><strong><a href=\"https:\/\/www.transparencia.gob.pe\/enlaces\/pte_transparencia_enlaces.aspx?id_entidad=10048&amp;id_tema=1\" target=\"_blank\" rel=\"noopener\">Enlace &#8211; Portal Transparencia Est\u00e1ndar PTE<\/a><\/strong><\/p>\t\t\t\t\t\t\t\t<\/div>\n\t\t\t\t<\/div>\n\t\t\t\t\t<\/div>\n\t\t<\/div>\n\t\t\t\t\t<\/div>\n\t\t<\/section>\n\t\t\t\t<section class=\"elementor-section elementor-top-section elementor-element elementor-element-81b0575 elementor-section-boxed elementor-section-height-default elementor-section-height-default\" data-id=\"81b0575\" data-element_type=\"section\" data-e-type=\"section\">\n\t\t\t\t\t\t<div class=\"elementor-container elementor-column-gap-default\">\n\t\t\t\t\t<div class=\"elementor-column elementor-col-100 elementor-top-column elementor-element elementor-element-97c09ce\" data-id=\"97c09ce\" data-element_type=\"column\" data-e-type=\"column\">\n\t\t\t<div class=\"elementor-widget-wrap elementor-element-populated\">\n\t\t\t\t\t\t<div class=\"elementor-element elementor-element-cfc6530 elementor-invisible elementor-widget elementor-widget-heading\" data-id=\"cfc6530\" data-element_type=\"widget\" data-e-type=\"widget\" data-settings=\"{&quot;_animation&quot;:&quot;fadeInRight&quot;}\" data-widget_type=\"heading.default\">\n\t\t\t\t<div class=\"elementor-widget-container\">\n\t\t\t\t\t<h4 class=\"elementor-heading-title elementor-size-default\">Resoluciones Rectorales<\/h4>\t\t\t\t<\/div>\n\t\t\t\t<\/div>\n\t\t\t\t<div class=\"elementor-element elementor-element-f06fcd5 elementor-widget__width-initial elementor-invisible elementor-widget elementor-widget-text-editor\" data-id=\"f06fcd5\" data-element_type=\"widget\" data-e-type=\"widget\" data-settings=\"{&quot;_animation&quot;:&quot;fadeInRight&quot;}\" data-widget_type=\"text-editor.default\">\n\t\t\t\t<div class=\"elementor-widget-container\">\n\t\t\t\t\t\t\t\t\t<p>Las resoluciones rectorales son los actos administrativos que emite el rector o la rectora de la Universidad Nacional de Ingenier\u00eda, con el fin de regular, orientar y resolver diversos aspectos relacionados con el funcionamiento de la universidad, en el marco de sus competencias y atribuciones. Las resoluciones rectorales tienen car\u00e1cter vinculante y obligatorio para toda la comunidad universitaria y para las personas o entidades que se relacionan con la UNI.<\/p><p>La Secretar\u00eda General de la UNI es el \u00f3rgano encargado de publicar, difundir y custodiar las resoluciones rectorales, as\u00ed como de tramitar las solicitudes de acceso a la informaci\u00f3n p\u00fablica que las requieran. Adem\u00e1s, las resoluciones rectorales se publican en el diario oficial El Peruano cuando corresponde, de acuerdo con la normativa vigente.<\/p><p>Las resoluciones rectorales abarcan una gran variedad de temas, tales como la organizaci\u00f3n, la gesti\u00f3n, los servicios, los procesos, los planes, los proyectos, las normas, los reglamentos, las directivas, las pol\u00edticas, los convenios, los contratos, los nombramientos, las designaciones, las sanciones, los reconocimientos, entre otros.<\/p><p><strong><a href=\"https:\/\/portal.uni.edu.pe\/index.php\/uncategorised\/230-resoluciones-rectorales-de-la-universidad-nacional-de-ingenieria\" target=\"_blank\" rel=\"noopener\">Enlace &#8211; Repositorio de Resoluciones Rectorales<\/a><\/strong><\/p>\t\t\t\t\t\t\t\t<\/div>\n\t\t\t\t<\/div>\n\t\t\t\t\t<\/div>\n\t\t<\/div>\n\t\t\t\t\t<\/div>\n\t\t<\/section>\n\t\t\t\t<section class=\"elementor-section elementor-top-section elementor-element elementor-element-f2400c1 elementor-section-boxed elementor-section-height-default elementor-section-height-default\" data-id=\"f2400c1\" data-element_type=\"section\" data-e-type=\"section\">\n\t\t\t\t\t\t<div class=\"elementor-container elementor-column-gap-default\">\n\t\t\t\t\t<div class=\"elementor-column elementor-col-100 elementor-top-column elementor-element elementor-element-40bfc21\" data-id=\"40bfc21\" data-element_type=\"column\" data-e-type=\"column\">\n\t\t\t<div class=\"elementor-widget-wrap elementor-element-populated\">\n\t\t\t\t\t\t<div class=\"elementor-element elementor-element-7cce840 elementor-invisible elementor-widget elementor-widget-heading\" data-id=\"7cce840\" data-element_type=\"widget\" data-e-type=\"widget\" data-settings=\"{&quot;_animation&quot;:&quot;fadeInRight&quot;}\" data-widget_type=\"heading.default\">\n\t\t\t\t<div class=\"elementor-widget-container\">\n\t\t\t\t\t<h4 class=\"elementor-heading-title elementor-size-default\">Sesiones de  Asamblea y Consejo Universitario<\/h4>\t\t\t\t<\/div>\n\t\t\t\t<\/div>\n\t\t\t\t<div class=\"elementor-element elementor-element-18dff64 elementor-invisible elementor-widget elementor-widget-text-editor\" data-id=\"18dff64\" data-element_type=\"widget\" data-e-type=\"widget\" data-settings=\"{&quot;_animation&quot;:&quot;fadeInRight&quot;}\" data-widget_type=\"text-editor.default\">\n\t\t\t\t<div class=\"elementor-widget-container\">\n\t\t\t\t\t\t\t\t\t<p>La Asamblea Universitaria y el Consejo Universitario son los espacios de participaci\u00f3n y representaci\u00f3n de los diferentes estamentos de la universidad, que tienen como objetivo velar por el cumplimiento de la misi\u00f3n, visi\u00f3n y valores de la UNI, as\u00ed como por el desarrollo acad\u00e9mico, cient\u00edfico, tecnol\u00f3gico y social de la misma. Estos \u00f3rganos son elegidos democr\u00e1ticamente por la comunidad universitaria, y est\u00e1n conformados por estudiantes, docentes, graduados y personal administrativo.<\/p><p>Las actas de Asamblea y Consejo Universitario son documentos p\u00fablicos que reflejan el trabajo y la transparencia de estos \u00f3rganos, y que sirven como fuente de informaci\u00f3n y consulta para todos los interesados en conocer las acciones y proyectos que se realizan en la UNI. En esta secci\u00f3n, podr\u00e1n acceder a las actas de las sesiones ordinarias y extraordinarias de ambos \u00f3rganos.<\/p><p>Los invitamos a revisar estas actas y a mantenerse informados sobre las actividades y decisiones que se toman en la UNI, una universidad p\u00fablica, plural, democr\u00e1tica y comprometida con el desarrollo del pa\u00eds.<\/p><p><strong><a href=\"https:\/\/portal.uni.edu.pe\/index.php\/accesos\/actas\" target=\"_blank\" rel=\"noopener\">Enlace &#8211; Repositorio de Actas de Asamblea y Consejo Universitario<\/a><\/strong><\/p>\t\t\t\t\t\t\t\t<\/div>\n\t\t\t\t<\/div>\n\t\t\t\t\t<\/div>\n\t\t<\/div>\n\t\t\t\t\t<\/div>\n\t\t<\/section>\n\t\t\t\t<section class=\"elementor-section elementor-top-section elementor-element elementor-element-399cc9c elementor-section-boxed elementor-section-height-default elementor-section-height-default\" data-id=\"399cc9c\" data-element_type=\"section\" data-e-type=\"section\" id=\"monitoreo_ci\">\n\t\t\t\t\t\t<div class=\"elementor-container elementor-column-gap-default\">\n\t\t\t\t\t<div class=\"elementor-column elementor-col-100 elementor-top-column elementor-element elementor-element-cd47ee6\" data-id=\"cd47ee6\" data-element_type=\"column\" data-e-type=\"column\">\n\t\t\t<div class=\"elementor-widget-wrap elementor-element-populated\">\n\t\t\t\t\t\t<div class=\"elementor-element elementor-element-3301858 elementor-invisible elementor-widget elementor-widget-heading\" data-id=\"3301858\" data-element_type=\"widget\" data-e-type=\"widget\" data-settings=\"{&quot;_animation&quot;:&quot;fadeInRight&quot;}\" data-widget_type=\"heading.default\">\n\t\t\t\t<div class=\"elementor-widget-container\">\n\t\t\t\t\t<h4 class=\"elementor-heading-title elementor-size-default\">Monitoreo de Control Interno<\/h4>\t\t\t\t<\/div>\n\t\t\t\t<\/div>\n\t\t\t\t<div class=\"elementor-element elementor-element-945ef6d elementor-invisible elementor-widget elementor-widget-text-editor\" data-id=\"945ef6d\" data-element_type=\"widget\" data-e-type=\"widget\" data-settings=\"{&quot;_animation&quot;:&quot;fadeInRight&quot;}\" data-widget_type=\"text-editor.default\">\n\t\t\t\t<div class=\"elementor-widget-container\">\n\t\t\t\t\t\t\t\t\t<p>Monitorear del proceso de implementaci\u00f3n de las recomendaciones de los Informes de Servicios de Control Posterior, Seguimiento y Publicaci\u00f3n de la Contralor\u00eda General de la Rep\u00fablica del Per\u00fa, de conformidad con lo establecido en la Directiva N\u00b0009-2023-CG\/SESNC \u201cImplementaci\u00f3n de las Recomendaciones de los Informes de Servicios de Control Posterior, Seguimiento y Publicaci\u00f3n\u201d, aprobada mediante Resoluci\u00f3n de Contralor\u00eda N\u00b0263-2023-CG; Coordinando de manera permanente con las dependencias responsables de implementar las recomendaciones del informe de control, a fin de cumplir con las acciones y plazo establecidos en el Plan de Acciones.&nbsp;<\/p><p>Asimismo,&nbsp; comunica a la Comisi\u00f3n de Control o al OCI, seg\u00fan corresponda, las acciones preventivas o correctivas respecto de las situaciones adversas identificadas y comunicadas en el Reporte de Avance ante Situaciones Adversas, Informe de Hito de Control, Informe de Control Concurrente, Informe de Visita de Control e Informe de Orientaci\u00f3n de Oficio; tal y como lo establece la DIRECTIVA N\u00b0 013-2022-CG\/NORM \u201cSERVICIO DE CONTROL SIMULT\u00c1NEO\u201d, Aprobada con Resoluci\u00f3n de Contralor\u00eda N\u00b0 218-2022-CG el 30 de mayo del 2022<\/p>\t\t\t\t\t\t\t\t<\/div>\n\t\t\t\t<\/div>\n\t\t\t\t\t<\/div>\n\t\t<\/div>\n\t\t\t\t\t<\/div>\n\t\t<\/section>\n\t\t\t\t<section class=\"elementor-section elementor-top-section elementor-element elementor-element-ab3cf4d elementor-section-boxed elementor-section-height-default elementor-section-height-default\" data-id=\"ab3cf4d\" data-element_type=\"section\" data-e-type=\"section\" id=\"acceso_ip\">\n\t\t\t\t\t\t<div class=\"elementor-container elementor-column-gap-default\">\n\t\t\t\t\t<div class=\"elementor-column elementor-col-100 elementor-top-column elementor-element elementor-element-839362c\" data-id=\"839362c\" data-element_type=\"column\" data-e-type=\"column\">\n\t\t\t<div class=\"elementor-widget-wrap elementor-element-populated\">\n\t\t\t\t\t\t<div class=\"elementor-element elementor-element-210e1c1 elementor-invisible elementor-widget elementor-widget-heading\" data-id=\"210e1c1\" data-element_type=\"widget\" data-e-type=\"widget\" data-settings=\"{&quot;_animation&quot;:&quot;fadeInRight&quot;}\" data-widget_type=\"heading.default\">\n\t\t\t\t<div class=\"elementor-widget-container\">\n\t\t\t\t\t<h4 class=\"elementor-heading-title elementor-size-default\">Acceso a la Informaci\u00f3n P\u00fablica<\/h4>\t\t\t\t<\/div>\n\t\t\t\t<\/div>\n\t\t\t\t<div class=\"elementor-element elementor-element-f82590b elementor-invisible elementor-widget elementor-widget-text-editor\" data-id=\"f82590b\" data-element_type=\"widget\" data-e-type=\"widget\" data-settings=\"{&quot;_animation&quot;:&quot;fadeInRight&quot;}\" data-widget_type=\"text-editor.default\">\n\t\t\t\t<div class=\"elementor-widget-container\">\n\t\t\t\t\t\t\t\t\t<p>Responsable en la atenci\u00f3n de las solicitudes de acceso a la informaci\u00f3n p\u00fablica de la Universidad Nacional de Ingenier\u00eda.<\/p><p>Derivar la solicitud a un \u00e1rea interna poseedora, pedir subsanaci\u00f3n al ciudadano, comentarios y respuesta final.<\/p><p>Requerir la informaci\u00f3n al \u00e1rea de la Entidad que la haya creado u obtenido, o que la tenga en su posesi\u00f3n o control.<\/p><p>Que todos los funcionarios de las unidades org\u00e1nicas u \u00f3rganos de la Entidad atiendan de manera oportuna los requerimientos de informaci\u00f3n formulados por el responsable de entregar la informaci\u00f3n de acceso p\u00fablico como por el funcionario responsable del Acceso a la Informaci\u00f3n.<\/p><p><strong><a href=\"https:\/\/www.transparencia.gob.pe\/reportes_directos\/pep_transparencia_acceso_informacion.aspx?id_entidad=10048&amp;id_tema=49&amp;cod_rueep=0&amp;ver=\" target=\"_blank\" rel=\"noopener\">Enlace &#8211; Formato de Solicitud de Acceso a la Informaci\u00f3n P\u00fablica<\/a><\/strong><\/p>\t\t\t\t\t\t\t\t<\/div>\n\t\t\t\t<\/div>\n\t\t\t\t\t<\/div>\n\t\t<\/div>\n\t\t\t\t\t<\/div>\n\t\t<\/section>\n\t\t\t\t<\/div>\n\t\t","protected":false},"excerpt":{"rendered":"<p>Transparencia Portal de Transparencia Est\u00e1ndar &#8211; PTE La Secretar\u00eda General es responsable del Portal de Transparencia Est\u00e1ndar de la universidad, mantiene actualizado su contenido en coordinaci\u00f3n con las dependencias correspondientes, as\u00ed como, recabar la informaci\u00f3n a ser difundida en el Portal de acuerdo con lo establecido en los art\u00edculos 5 [&hellip;]<\/p>\n","protected":false},"author":1,"featured_media":0,"parent":0,"menu_order":0,"comment_status":"closed","ping_status":"closed","template":"page-templates\/template-pagebuilder-full-width.php","meta":{"footnotes":""},"class_list":["post-1592","page","type-page","status-publish","hentry"],"_links":{"self":[{"href":"https:\/\/www.sg.uni.edu.pe\/index.php?rest_route=\/wp\/v2\/pages\/1592","targetHints":{"allow":["GET"]}}],"collection":[{"href":"https:\/\/www.sg.uni.edu.pe\/index.php?rest_route=\/wp\/v2\/pages"}],"about":[{"href":"https:\/\/www.sg.uni.edu.pe\/index.php?rest_route=\/wp\/v2\/types\/page"}],"author":[{"embeddable":true,"href":"https:\/\/www.sg.uni.edu.pe\/index.php?rest_route=\/wp\/v2\/users\/1"}],"replies":[{"embeddable":true,"href":"https:\/\/www.sg.uni.edu.pe\/index.php?rest_route=%2Fwp%2Fv2%2Fcomments&post=1592"}],"version-history":[{"count":65,"href":"https:\/\/www.sg.uni.edu.pe\/index.php?rest_route=\/wp\/v2\/pages\/1592\/revisions"}],"predecessor-version":[{"id":2188,"href":"https:\/\/www.sg.uni.edu.pe\/index.php?rest_route=\/wp\/v2\/pages\/1592\/revisions\/2188"}],"wp:attachment":[{"href":"https:\/\/www.sg.uni.edu.pe\/index.php?rest_route=%2Fwp%2Fv2%2Fmedia&parent=1592"}],"curies":[{"name":"wp","href":"https:\/\/api.w.org\/{rel}","templated":true}]}}